{"id":1996,"date":"2021-11-30T14:01:04","date_gmt":"2021-11-30T13:01:04","guid":{"rendered":"http:\/\/wp.tepro-tec.de\/?page_id=1996"},"modified":"2026-03-25T11:14:28","modified_gmt":"2026-03-25T10:14:28","slug":"impressum","status":"publish","type":"page","link":"https:\/\/www.tepro-tec.de\/en\/impressum\/","title":{"rendered":"Imprint"},"content":{"rendered":"<div data-elementor-type=\"wp-page\" data-elementor-id=\"1996\" class=\"elementor elementor-1996\" data-elementor-post-type=\"page\">\n\t\t\t\t\t\t<section class=\"elementor-section elementor-top-section elementor-element elementor-element-191ed151 elementor-hidden-mobile elementor-section-boxed elementor-section-height-default elementor-section-height-default\" data-id=\"191ed151\" data-element_type=\"section\" data-e-type=\"section\" data-settings=\"{&quot;background_background&quot;:&quot;classic&quot;}\">\n\t\t\t\t\t\t\t<div class=\"elementor-background-overlay\"><\/div>\n\t\t\t\t\t\t\t<div class=\"elementor-container elementor-column-gap-no\">\n\t\t\t\t\t<div class=\"elementor-column elementor-col-100 elementor-top-column elementor-element elementor-element-4d42fa11\" data-id=\"4d42fa11\" data-element_type=\"column\" data-e-type=\"column\">\n\t\t\t<div class=\"elementor-widget-wrap elementor-element-populated\">\n\t\t\t\t\t\t<div class=\"elementor-element elementor-element-598c16a0 elementor-widget elementor-widget-heading\" data-id=\"598c16a0\" data-element_type=\"widget\" data-e-type=\"widget\" data-widget_type=\"heading.default\">\n\t\t\t\t<div class=\"elementor-widget-container\">\n\t\t\t\t\t<h2 class=\"elementor-heading-title elementor-size-default\">Imprint<\/h2>\t\t\t\t<\/div>\n\t\t\t\t<\/div>\n\t\t\t\t<div class=\"elementor-element elementor-element-10d28d81 elementor-widget elementor-widget-text-editor\" data-id=\"10d28d81\" data-element_type=\"widget\" data-e-type=\"widget\" data-widget_type=\"text-editor.default\">\n\t\t\t\t<div class=\"elementor-widget-container\">\n\t\t\t\t\t\t\t\t\t<p><strong>TEPRO-TEC UG (limited liability)<\/strong><br \/>Sitz: Robert-Bosch-Str. 6, D-72820 Sonnenb\u00fchl<br \/>Agency\/produktion:<br>Robert-Bosch-Str. 6, D-72820 Sonnenb\u00fchl<\/p><p><strong>Represented by the<\/strong><br \/>Managing directors Thorsten Sauer and Micha Herrmann<\/p><p><strong>Contact<br \/><\/strong>Phone: +49 (0) 7128 \/ 38029 \u2013 11<br \/>E-Mail: info@tepro-tec.de<\/p><p><strong>Type of company<\/strong><br \/>Entrepreneurial company (limited liability)<\/p><p><strong>Companies' register no:<\/strong><br \/>HRB 730330 \/ Registergericht Stuttgart<\/p><p><strong>Place of jurisdiction<\/strong><br \/>Amtsgericht Reutlingen<\/p><p><strong>VAT ID no:<\/strong><br \/>DE 265 284 840<\/p><p><strong>Disclaimer<\/strong><br \/>Despite careful content control, we assume no liability for the content of external links.<br \/>The contents of linked pages are the sole responsibility of their operators.<\/p>\t\t\t\t\t\t\t\t<\/div>\n\t\t\t\t<\/div>\n\t\t\t\t\t<\/div>\n\t\t<\/div>\n\t\t\t\t\t<\/div>\n\t\t<\/section>\n\t\t\t\t<section class=\"elementor-section elementor-top-section elementor-element elementor-element-ab7e466 elementor-hidden-desktop elementor-hidden-tablet elementor-section-boxed elementor-section-height-default elementor-section-height-default\" data-id=\"ab7e466\" data-element_type=\"section\" data-e-type=\"section\" data-settings=\"{&quot;background_background&quot;:&quot;classic&quot;}\">\n\t\t\t\t\t\t\t<div class=\"elementor-background-overlay\"><\/div>\n\t\t\t\t\t\t\t<div class=\"elementor-container elementor-column-gap-no\">\n\t\t\t\t\t<div class=\"elementor-column elementor-col-100 elementor-top-column elementor-element elementor-element-e341d3a\" data-id=\"e341d3a\" data-element_type=\"column\" data-e-type=\"column\">\n\t\t\t<div class=\"elementor-widget-wrap elementor-element-populated\">\n\t\t\t\t\t\t<div class=\"elementor-element elementor-element-5e748e2 elementor-widget elementor-widget-heading\" data-id=\"5e748e2\" data-element_type=\"widget\" data-e-type=\"widget\" data-widget_type=\"heading.default\">\n\t\t\t\t<div class=\"elementor-widget-container\">\n\t\t\t\t\t<h2 class=\"elementor-heading-title elementor-size-default\">Imprint<\/h2>\t\t\t\t<\/div>\n\t\t\t\t<\/div>\n\t\t\t\t<div class=\"elementor-element elementor-element-ad40222 elementor-widget elementor-widget-text-editor\" data-id=\"ad40222\" data-element_type=\"widget\" data-e-type=\"widget\" data-widget_type=\"text-editor.default\">\n\t\t\t\t<div class=\"elementor-widget-container\">\n\t\t\t\t\t\t\t\t\t<p><strong>TEPRO-TEC UG (limited liability)<\/strong><br \/>Sitz: Robert-Bosch-Str. 6, D-72820 Sonnenb\u00fchl<br \/>Agency\/produktion: <br \/>Robert-Bosch-Str. 6, D-72820 Sonnenb\u00fchl<\/p><p><strong>Represented by the<\/strong><br \/>Managing directors Thorsten Sauer and Micha Herrmann<\/p><p><strong>Contact<br \/><\/strong>Phone: +49 (0) 7128 \/ 38029 \u2013 11<br \/>E-Mail: info@tepro-tec.de<\/p><p><strong>Type of company<\/strong><br \/>Entrepreneurial company (limited liability)<\/p><p><strong>Companies' register no:<\/strong><br \/>HRB 730330 \/ Registergericht Stuttgart<\/p><p><strong>Place of jurisdiction<\/strong><br \/>Amtsgericht Reutlingen<\/p><p><strong>VAT ID no:<\/strong><br \/>DE 265 284 840<\/p><p><strong>Disclaimer<\/strong><br \/>Despite careful content control, we assume no liability for the content of external links.<br \/>The contents of linked pages are the sole responsibility of their operators.<\/p>\t\t\t\t\t\t\t\t<\/div>\n\t\t\t\t<\/div>\n\t\t\t\t\t<\/div>\n\t\t<\/div>\n\t\t\t\t\t<\/div>\n\t\t<\/section>\n\t\t\t\t<\/div>","protected":false},"excerpt":{"rendered":"<p>Impressum TEPRO-TEC UG (haftungsbeschr\u00e4nkt)Sitz: Robert-Bosch-Str. 6, D-72820 Sonnenb\u00fchlB\u00fcro\/Produktion: Robert-Bosch-Str. 6, D-72820 Sonnenb\u00fchl vertreten durch dieGesch\u00e4ftsf\u00fchrer Thorsten Sauer und Micha Herrmann KontaktTelefon: +49 (0) 7128 \/ 38029 &#8211; 11E-Mail: info@tepro-tec.de GesellschaftsformUnternehmergesellschaft (haftungsbeschr\u00e4nkt) HRB-Nr.HRB 730330 \/ Registergericht Stuttgart GerichtsstandAmtsgericht Reutlingen USt-Ident-Nr.DE 265 284 840 HaftungsausschlussTrotz sorgf\u00e4ltiger inhaltlicher Kontrolle \u00fcbernehmen wir keine Haftung f\u00fcr die Inhalte externer Links.F\u00fcr [&hellip;]<\/p>\n","protected":false},"author":2,"featured_media":0,"parent":0,"menu_order":0,"comment_status":"closed","ping_status":"closed","template":"","meta":{"footnotes":""},"class_list":["post-1996","page","type-page","status-publish","hentry"],"_links":{"self":[{"href":"https:\/\/www.tepro-tec.de\/en\/wp-json\/wp\/v2\/pages\/1996","targetHints":{"allow":["GET"]}}],"collection":[{"href":"https:\/\/www.tepro-tec.de\/en\/wp-json\/wp\/v2\/pages"}],"about":[{"href":"https:\/\/www.tepro-tec.de\/en\/wp-json\/wp\/v2\/types\/page"}],"author":[{"embeddable":true,"href":"https:\/\/www.tepro-tec.de\/en\/wp-json\/wp\/v2\/users\/2"}],"replies":[{"embeddable":true,"href":"https:\/\/www.tepro-tec.de\/en\/wp-json\/wp\/v2\/comments?post=1996"}],"version-history":[{"count":51,"href":"https:\/\/www.tepro-tec.de\/en\/wp-json\/wp\/v2\/pages\/1996\/revisions"}],"predecessor-version":[{"id":4728,"href":"https:\/\/www.tepro-tec.de\/en\/wp-json\/wp\/v2\/pages\/1996\/revisions\/4728"}],"wp:attachment":[{"href":"https:\/\/www.tepro-tec.de\/en\/wp-json\/wp\/v2\/media?parent=1996"}],"curies":[{"name":"wp","href":"https:\/\/api.w.org\/{rel}","templated":true}]}}